{"id":2,"date":"2021-09-24T08:46:08","date_gmt":"2021-09-24T08:46:08","guid":{"rendered":"https:\/\/www.kromikasit.com\/?page_id=2"},"modified":"2021-09-24T12:48:36","modified_gmt":"2021-09-24T12:48:36","slug":"sample-page","status":"publish","type":"page","link":"https:\/\/www.kromikasit.com\/","title":{"rendered":"Kromik Asit"},"content":{"rendered":"\n<p>Kromik asit terimi , genellikle kat\u0131 krom trioksit de dahil olmak \u00fczere \u00e7e\u015fitli bile\u015fikler ihtiva edebilen bir dikromatta konsantre s\u00fclf\u00fcrik asit ilavesiyle yap\u0131lan bir kar\u0131\u015f\u0131m i\u00e7in kullan\u0131l\u0131r . Bu t\u00fcr kromik asit, cam i\u00e7in bir temizleme kar\u0131\u015f\u0131m\u0131 olarak kullan\u0131labilir. Kromik asit de bir molek\u00fcler t\u00fcr ile ilgili olabilir, H, 2 CrO 4olan trioksittir anhidrid . Kromik asit , +6 (veya VI) oksidasyon durumunda krom i\u00e7erir. G\u00fc\u00e7l\u00fc ve a\u015f\u0131nd\u0131r\u0131c\u0131 oksitleyici bir ajand\u0131r <\/p>\n\n\n\n<p>Kromik asidin anhidridi krom trioksit (CrO3) dir. Bu y\u00fczden kromik asidi denilince akla CrO3 gelir. Burada krom (6+) de\u011ferliklidir. Kararl\u0131 olmayan bir bile\u015fik olup, kendi kendine reaksiyona girerek di(bi) kromat asidi (H2Cr2O7) h\u00e2line d\u00f6n\u00fc\u015f\u00fcr. Kromik asit anhidridi (CrO3) k\u0131rm\u0131z\u0131 pembe kristal olup spesifik gravitesi 2,67 ile 2,82 g\/cm3 aras\u0131ndad\u0131r. 197\u00b0C\u2019de erir ve erimeden sonra yava\u015f yava\u015f bozunur. Havadan nem \u00e7eker. Su ve asetik asid, piridin ve eter gibi organik \u00e7\u00f6z\u00fcc\u00fclerde \u00e7ok iyi \u00e7\u00f6z\u00fcn\u00fcr. Ham CrO3 doymu\u015f s\u00fclfat asidi ve doymu\u015f sodyum bikromat kar\u0131\u015f\u0131m\u0131ndan \u00e7\u00f6kt\u00fcr\u00fclerek ayr\u0131l\u0131r. Bu \u00e7\u00f6kelti kristallendirilerek veya eritilerek safla\u015ft\u0131r\u0131l\u0131r.<\/p>\n\n\n\n<p>Kromik asit, kuvvetli bir asit olup, ayn\u0131 zamanda kuvvetli bir oksidasyon v\u00e2s\u0131tas\u0131d\u0131r. Bitki ve hayvan h\u00fccrelerini olduk\u00e7a tahrip edicidir. \u015e\u00e2yet indirgeme vas\u0131tas\u0131yla veya organik bile\u015fikle temas ettirilirse cidd\u00ee bir patlama meydana gelebilir.<\/p>\n\n\n\n<p><strong>Kullan\u0131m Alanlar\u0131<\/strong><\/p>\n\n\n\n<ul><li>Kromik asit, kimy\u00e2 san\u00e2yiinde kromik asidin tuzu olan kromatlar\u0131n \u00eem\u00e2linde kullan\u0131l\u0131r.<\/li><li>Kromik asidin \u00e7o\u011fu krom kaplamada kullanmak i\u00e7in \u00fcretilir.<\/li><li>T\u0131pta yak\u0131c\u0131 olarak,<\/li><li>Oymac\u0131l\u0131k i\u015flemlerinde,<\/li><li>Seramik s\u0131r\u0131 yapmakta,<\/li><li>Camlar\u0131 renklendirmede,<\/li><li>Metalleri temizlemede,<\/li><li>M\u00fcrekkep ve boya im\u00e2linde<\/li><li>Kau\u00e7uk pigmenti olarak kullan\u0131l\u0131r.<\/li><\/ul>\n\n\n\n<figure class=\"wp-block-gallery columns-1 is-cropped\"><ul class=\"blocks-gallery-grid\"><li class=\"blocks-gallery-item\"><figure><img loading=\"lazy\" width=\"225\" height=\"300\" src=\"https:\/\/www.kromikasit.com\/wp-content\/uploads\/2021\/09\/Kromik-Asit-2-225x300.jpeg\" alt=\"\" data-id=\"13\" data-link=\"https:\/\/www.kromikasit.com\/index.php\/sample-page\/kromik-asit-2\/\" class=\"wp-image-13\" srcset=\"https:\/\/www.kromikasit.com\/wp-content\/uploads\/2021\/09\/Kromik-Asit-2-225x300.jpeg 225w, https:\/\/www.kromikasit.com\/wp-content\/uploads\/2021\/09\/Kromik-Asit-2-768x1024.jpeg 768w, https:\/\/www.kromikasit.com\/wp-content\/uploads\/2021\/09\/Kromik-Asit-2-1152x1536.jpeg 1152w, https:\/\/www.kromikasit.com\/wp-content\/uploads\/2021\/09\/Kromik-Asit-2.jpeg 1536w\" sizes=\"(max-width: 225px) 100vw, 225px\" \/><\/figure><\/li><\/ul><\/figure>\n\n\n\n<p>Daha fazla bilgi ve sipari\u015f verebilmek i\u00e7in l\u00fctfen <a href=\"http:\/\/www.dedekimya.com\" data-type=\"URL\" data-id=\"www.dedekimya.com\">www.dedekimya.com<\/a> sayfas\u0131n\u0131 ziyaret ediniz.<\/p>\n\n\n\n<p><\/p>\n","protected":false},"excerpt":{"rendered":"<p>Kromik asit terimi , genellikle kat\u0131 krom trioksit de dahil olmak \u00fczere \u00e7e\u015fitli bile\u015fikler ihtiva edebilen bir dikromatta konsantre s\u00fclf\u00fcrik asit ilavesiyle yap\u0131lan bir kar\u0131\u015f\u0131m i\u00e7in kullan\u0131l\u0131r . Bu t\u00fcr kromik asit, cam i\u00e7in bir temizleme kar\u0131\u015f\u0131m\u0131 olarak kullan\u0131labilir. Kromik asit de bir molek\u00fcler t\u00fcr ile ilgili olabilir, H, 2 CrO 4olan trioksittir anhidrid .<\/p>\n","protected":false},"author":1,"featured_media":0,"parent":0,"menu_order":0,"comment_status":"closed","ping_status":"open","template":"","meta":[],"_links":{"self":[{"href":"https:\/\/www.kromikasit.com\/index.php\/wp-json\/wp\/v2\/pages\/2"}],"collection":[{"href":"https:\/\/www.kromikasit.com\/index.php\/wp-json\/wp\/v2\/pages"}],"about":[{"href":"https:\/\/www.kromikasit.com\/index.php\/wp-json\/wp\/v2\/types\/page"}],"author":[{"embeddable":true,"href":"https:\/\/www.kromikasit.com\/index.php\/wp-json\/wp\/v2\/users\/1"}],"replies":[{"embeddable":true,"href":"https:\/\/www.kromikasit.com\/index.php\/wp-json\/wp\/v2\/comments?post=2"}],"version-history":[{"count":2,"href":"https:\/\/www.kromikasit.com\/index.php\/wp-json\/wp\/v2\/pages\/2\/revisions"}],"predecessor-version":[{"id":38,"href":"https:\/\/www.kromikasit.com\/index.php\/wp-json\/wp\/v2\/pages\/2\/revisions\/38"}],"wp:attachment":[{"href":"https:\/\/www.kromikasit.com\/index.php\/wp-json\/wp\/v2\/media?parent=2"}],"curies":[{"name":"wp","href":"https:\/\/api.w.org\/{rel}","templated":true}]}}